{"id":238,"date":"2020-02-20T18:45:18","date_gmt":"2020-02-20T18:45:18","guid":{"rendered":"http:\/\/carmelarufanges.es\/?page_id=238"},"modified":"2020-09-01T16:12:35","modified_gmt":"2020-09-01T16:12:35","slug":"biografia","status":"publish","type":"page","link":"https:\/\/carmelarufanges.es\/?page_id=238","title":{"rendered":"Biograf\u00eda"},"content":{"rendered":"\n<div class=\"wp-block-image\"><figure class=\"aligncenter size-large is-resized\"><img loading=\"lazy\" decoding=\"async\" src=\"http:\/\/carmelarufanges.es\/wp-content\/uploads\/2020\/02\/cuadro-2-614x1024.jpg\" alt=\"\" class=\"wp-image-239\" width=\"655\" height=\"1092\" srcset=\"https:\/\/carmelarufanges.es\/wp-content\/uploads\/2020\/02\/cuadro-2-614x1024.jpg 614w, https:\/\/carmelarufanges.es\/wp-content\/uploads\/2020\/02\/cuadro-2-180x300.jpg 180w, https:\/\/carmelarufanges.es\/wp-content\/uploads\/2020\/02\/cuadro-2-768x1280.jpg 768w, https:\/\/carmelarufanges.es\/wp-content\/uploads\/2020\/02\/cuadro-2-922x1536.jpg 922w, https:\/\/carmelarufanges.es\/wp-content\/uploads\/2020\/02\/cuadro-2.jpg 960w\" sizes=\"auto, (max-width: 655px) 100vw, 655px\" \/><\/figure><\/div>\n\n\n\n<p>Carmela Rufanges Ramos naci\u00f3 en Vila-real (Castell\u00f3n) en 1967. Autodidacta, se nutri\u00f3 desde ni\u00f1a de influencias diversas. Su abuelo materno, el ingeniero industrial e inventor Agust\u00edn Ramos Vilar, atesoraba multitud de libros, novelas y revistas culturales, que como ella misma afirma devor\u00f3 durante su ni\u00f1ez y adolescencia. <\/p>\n\n\n\n<p>Siempre tuvo una inclinaci\u00f3n innata a plasmar su agitado y rico mundo interior en papel. Empresaria, ciclista, madre y esposa demor\u00f3 su pasi\u00f3n por la escritura durante a\u00f1os. <\/p>\n\n\n\n<p>A la muerte de su madre decide escribir <strong>MENBUKAN<\/strong>, seguido de <strong>FLAVIA Y LA REALIDAD DE SUS AUSENTES<\/strong>  y<strong>  EL TREN DE LA LLUVIA<\/strong> , compagin\u00e1ndolo con su otra pasi\u00f3n, el ciclismo en todas sus facetas.<\/p>\n\n\n\n<p>Como ella dice, <em>las inquietudes no saben de tiempo, edad o\ntendencias, nunca hay que dejar de aprender e ilusionarse<\/em>. <em>Cada d\u00eda es un regalo<\/em><\/p>\n\n\n\n<p>Mantiene, gestiona y dise\u00f1a sus novelas y su propia p\u00e1gina www.carmelarufanges.es\u00a0 *Facebook *Twitter *Instagram.<\/p>\n","protected":false},"excerpt":{"rendered":"<p>Carmela Rufanges Ramos naci\u00f3 en Vila-real (Castell\u00f3n) en 1967. Autodidacta, se nutri\u00f3 desde ni\u00f1a de influencias diversas. Su abuelo materno, el ingeniero industrial e inventor Agust\u00edn Ramos Vilar, atesoraba multitud de libros, novelas y revistas culturales, que como ella misma afirma devor\u00f3 durante su ni\u00f1ez y adolescencia. Siempre tuvo una inclinaci\u00f3n innata a plasmar su &hellip; <\/p>\n<p class=\"link-more\"><a href=\"https:\/\/carmelarufanges.es\/?page_id=238\" class=\"more-link\">Continuar leyendo<span class=\"screen-reader-text\"> \u00abBiograf\u00eda\u00bb<\/span><\/a><\/p>\n","protected":false},"author":1,"featured_media":0,"parent":0,"menu_order":0,"comment_status":"closed","ping_status":"closed","template":"","meta":{"footnotes":""},"class_list":["post-238","page","type-page","status-publish","hentry"],"_links":{"self":[{"href":"https:\/\/carmelarufanges.es\/index.php?rest_route=\/wp\/v2\/pages\/238","targetHints":{"allow":["GET"]}}],"collection":[{"href":"https:\/\/carmelarufanges.es\/index.php?rest_route=\/wp\/v2\/pages"}],"about":[{"href":"https:\/\/carmelarufanges.es\/index.php?rest_route=\/wp\/v2\/types\/page"}],"author":[{"embeddable":true,"href":"https:\/\/carmelarufanges.es\/index.php?rest_route=\/wp\/v2\/users\/1"}],"replies":[{"embeddable":true,"href":"https:\/\/carmelarufanges.es\/index.php?rest_route=%2Fwp%2Fv2%2Fcomments&post=238"}],"version-history":[{"count":8,"href":"https:\/\/carmelarufanges.es\/index.php?rest_route=\/wp\/v2\/pages\/238\/revisions"}],"predecessor-version":[{"id":460,"href":"https:\/\/carmelarufanges.es\/index.php?rest_route=\/wp\/v2\/pages\/238\/revisions\/460"}],"wp:attachment":[{"href":"https:\/\/carmelarufanges.es\/index.php?rest_route=%2Fwp%2Fv2%2Fmedia&parent=238"}],"curies":[{"name":"wp","href":"https:\/\/api.w.org\/{rel}","templated":true}]}}